{"id":6058,"date":"2023-12-18T09:53:22","date_gmt":"2023-12-18T07:53:22","guid":{"rendered":"https:\/\/digelius.qb.web-veistamo.fi\/product\/dominique-dussault-marlene\/"},"modified":"2025-12-09T00:40:21","modified_gmt":"2025-12-08T22:40:21","slug":"dominique-dussault-marlene","status":"publish","type":"product","link":"https:\/\/digelius.com\/fi\/product\/dominique-dussault-marlene\/","title":{"rendered":"Dominique Dussault: Marl\u00e8ne"},"content":{"rendered":"<p>Pickup possible at our Helsinki store (by selecting the &quot;local pickup&quot; option).<\/p>\n<p>S\u00e9lectionn\u00e9e pour repr\u00e9senter Monte-Carlo au Grand Prix de l&#8217;Eurovision<\/p>\n","protected":false},"excerpt":{"rendered":"<p>Media Condition: Very Good Plus (VG+)<\/p>\n<p>Sleeve Condition: Very Good Plus (VG+)<\/p>\n<p>Label: Barclay,Barclay<\/p>\n<p>Released: 1970<\/p>\n","protected":false},"featured_media":3156816,"template":"","meta":{"_acf_changed":false},"product_brand":[],"product_cat":[28],"product_tag":[],"class_list":{"0":"post-6058","1":"product","2":"type-product","3":"status-publish","4":"has-post-thumbnail","6":"product_cat-pop","8":"first","9":"instock","10":"taxable","11":"shipping-taxable","12":"purchasable","13":"product-type-simple"},"acf":[],"mb":[],"mfb_rest_fields":["title"],"_links":{"self":[{"href":"https:\/\/digelius.com\/fi\/wp-json\/wp\/v2\/product\/6058","targetHints":{"allow":["GET"]}}],"collection":[{"href":"https:\/\/digelius.com\/fi\/wp-json\/wp\/v2\/product"}],"about":[{"href":"https:\/\/digelius.com\/fi\/wp-json\/wp\/v2\/types\/product"}],"wp:featuredmedia":[{"embeddable":true,"href":"https:\/\/digelius.com\/fi\/wp-json\/wp\/v2\/media\/3156816"}],"wp:attachment":[{"href":"https:\/\/digelius.com\/fi\/wp-json\/wp\/v2\/media?parent=6058"}],"wp:term":[{"taxonomy":"product_brand","embeddable":true,"href":"https:\/\/digelius.com\/fi\/wp-json\/wp\/v2\/product_brand?post=6058"},{"taxonomy":"product_cat","embeddable":true,"href":"https:\/\/digelius.com\/fi\/wp-json\/wp\/v2\/product_cat?post=6058"},{"taxonomy":"product_tag","embeddable":true,"href":"https:\/\/digelius.com\/fi\/wp-json\/wp\/v2\/product_tag?post=6058"}],"curies":[{"name":"wp","href":"https:\/\/api.w.org\/{rel}","templated":true}]}}