{"id":6235,"date":"2023-12-18T10:42:53","date_gmt":"2023-12-18T08:42:53","guid":{"rendered":"https:\/\/digelius.qb.web-veistamo.fi\/product\/gurun-gurun-uzu-oto\/"},"modified":"2026-02-08T01:02:12","modified_gmt":"2026-02-07T23:02:12","slug":"gurun-gurun-uzu-oto","status":"publish","type":"product","link":"https:\/\/digelius.com\/fi\/product\/gurun-gurun-uzu-oto\/","title":{"rendered":"Gurun Gurun: Uzu Oto"},"content":{"rendered":"<p>New copy. Pickup possible at our Helsinki store (by selecting the &quot;local pickup&quot; shipping option).<\/p>\n<p>Limited to 300 copies.<\/p>\n<p>Recorded At:<br \/>\nA1: Divadlo 29 Pardubice<br \/>\nA2: Menu, Hradec Kr\u00e1lov\u00e9<br \/>\nA3: Klub Pilot, Prague<br \/>\nA4: Kabinet M\u00faz, Brno<br \/>\nB: Klub L\u00fa\u010d, Trenc\u00edn<\/p>\n","protected":false},"excerpt":{"rendered":"<p>Media Condition: Mint (M)<\/p>\n<p>Sleeve Condition: Mint (M)<\/p>\n<p>Label: Buh Records<\/p>\n<p>Released: 2022<\/p>\n","protected":false},"featured_media":3156764,"template":"","meta":{"_acf_changed":false},"product_brand":[],"product_cat":[22],"product_tag":[],"class_list":{"0":"post-6235","1":"product","2":"type-product","3":"status-publish","4":"has-post-thumbnail","6":"product_cat-electronic","8":"first","9":"instock","10":"taxable","11":"shipping-taxable","12":"purchasable","13":"product-type-simple"},"acf":[],"mb":[],"mfb_rest_fields":["title"],"_links":{"self":[{"href":"https:\/\/digelius.com\/fi\/wp-json\/wp\/v2\/product\/6235","targetHints":{"allow":["GET"]}}],"collection":[{"href":"https:\/\/digelius.com\/fi\/wp-json\/wp\/v2\/product"}],"about":[{"href":"https:\/\/digelius.com\/fi\/wp-json\/wp\/v2\/types\/product"}],"wp:featuredmedia":[{"embeddable":true,"href":"https:\/\/digelius.com\/fi\/wp-json\/wp\/v2\/media\/3156764"}],"wp:attachment":[{"href":"https:\/\/digelius.com\/fi\/wp-json\/wp\/v2\/media?parent=6235"}],"wp:term":[{"taxonomy":"product_brand","embeddable":true,"href":"https:\/\/digelius.com\/fi\/wp-json\/wp\/v2\/product_brand?post=6235"},{"taxonomy":"product_cat","embeddable":true,"href":"https:\/\/digelius.com\/fi\/wp-json\/wp\/v2\/product_cat?post=6235"},{"taxonomy":"product_tag","embeddable":true,"href":"https:\/\/digelius.com\/fi\/wp-json\/wp\/v2\/product_tag?post=6235"}],"curies":[{"name":"wp","href":"https:\/\/api.w.org\/{rel}","templated":true}]}}