{"id":6306,"date":"2023-12-18T11:07:01","date_gmt":"2023-12-18T09:07:01","guid":{"rendered":"https:\/\/digelius.qb.web-veistamo.fi\/product\/joao-de-bruco-r-h-jackson-caracol\/"},"modified":"2026-02-08T02:30:53","modified_gmt":"2026-02-08T00:30:53","slug":"joao-de-bruco-r-h-jackson-caracol","status":"publish","type":"product","link":"https:\/\/digelius.com\/fi\/product\/joao-de-bruco-r-h-jackson-caracol\/","title":{"rendered":"Jo\u00e3o De Bru\u00e7\u00f3, R.H. Jackson: Caracol"},"content":{"rendered":"<p>New copy. Pickup possible at our Helsinki store (by selecting the &quot;local pickup&quot; option). <\/p>\n<p>Gravado no Est\u00fadio OBJ<br \/>\nJunho a Julho (1988-89)<br \/>\nTodas as m\u00fasicas foram compostas por Jo\u00e3o de Bru\u00e7\u00f3 e R.H. Jackson<br \/>\nA letra de Here We Go Again \u00e9 de R.H. Jackson<\/p>\n<p>Record at OBJ Studio<br \/>\nJune to July (1988-89)<br \/>\nAll compositions by Jo\u00e3o de Bru\u00e7\u00f3 e R.H. Jackson<br \/>\nHere We Go Again lyrics by R.H. Jackson<\/p>\n<p>Comes with hype sticker &#8221;Whoever wants to classify the album will have difficulties. In many moments, the choices and sounds are so primitive, that one could hardly think of it as avant garde. But those who put pre-concepts aside &#8211; and use only their ears and musical sensitivity &#8211; will be delighted&#8221; (&#8230;) The first reissue of this experimental masterpiece, a perfect fusion between Brazilian percussive and electronic music, originally recorded between 1988 and 1989. Remastered from the original tapes, this reissue includes two unreleased bonus tracks from the same era, a replica of the original art, new testimonials from Jo\u00e3o De Bru\u00e7\u00f3 and R.H. Jackson and a long article signed by Bento Araujo, author of the book series Lindo Sonho Delirante.<\/p>\n","protected":false},"excerpt":{"rendered":"<p>Media Condition: Mint (M)<\/p>\n<p>Sleeve Condition: Mint (M)<\/p>\n<p>Label: Discos Nada (2)<\/p>\n<p>Released: 2020<\/p>\n","protected":false},"featured_media":3156730,"template":"","meta":{"_acf_changed":false},"product_brand":[],"product_cat":[22,31],"product_tag":[],"class_list":{"0":"post-6306","1":"product","2":"type-product","3":"status-publish","4":"has-post-thumbnail","6":"product_cat-electronic","7":"product_cat-folk-world-country","9":"first","10":"instock","11":"taxable","12":"shipping-taxable","13":"purchasable","14":"product-type-simple"},"acf":[],"mb":[],"mfb_rest_fields":["title"],"_links":{"self":[{"href":"https:\/\/digelius.com\/fi\/wp-json\/wp\/v2\/product\/6306","targetHints":{"allow":["GET"]}}],"collection":[{"href":"https:\/\/digelius.com\/fi\/wp-json\/wp\/v2\/product"}],"about":[{"href":"https:\/\/digelius.com\/fi\/wp-json\/wp\/v2\/types\/product"}],"wp:featuredmedia":[{"embeddable":true,"href":"https:\/\/digelius.com\/fi\/wp-json\/wp\/v2\/media\/3156730"}],"wp:attachment":[{"href":"https:\/\/digelius.com\/fi\/wp-json\/wp\/v2\/media?parent=6306"}],"wp:term":[{"taxonomy":"product_brand","embeddable":true,"href":"https:\/\/digelius.com\/fi\/wp-json\/wp\/v2\/product_brand?post=6306"},{"taxonomy":"product_cat","embeddable":true,"href":"https:\/\/digelius.com\/fi\/wp-json\/wp\/v2\/product_cat?post=6306"},{"taxonomy":"product_tag","embeddable":true,"href":"https:\/\/digelius.com\/fi\/wp-json\/wp\/v2\/product_tag?post=6306"}],"curies":[{"name":"wp","href":"https:\/\/api.w.org\/{rel}","templated":true}]}}