{"id":659268,"date":"2024-08-02T17:19:46","date_gmt":"2024-08-02T14:19:46","guid":{"rendered":"https:\/\/digelius.com\/product\/wanda-jackson-karel-zich-lets-have-a-party-in-prague\/"},"modified":"2025-12-02T06:40:26","modified_gmt":"2025-12-02T04:40:26","slug":"wanda-jackson-karel-zich-lets-have-a-party-in-prague","status":"publish","type":"product","link":"https:\/\/digelius.com\/fi\/product\/wanda-jackson-karel-zich-lets-have-a-party-in-prague\/","title":{"rendered":"Wanda Jackson &amp; Karel Zich: Let&#8217;s Have A Party In Prague"},"content":{"rendered":"<\/p>\n<p>This pressing has 88 2 printed on label side A.<\/p>\n<p>\u2117 1988<\/p>\n<p>Made in Czechoslovakia.<\/p>\n<p>Track title variations:<br \/>\nLong-Legged Guitar Pickin&#8217; Man (Label)<br \/>\nLong-Legged Guitar Picking Man (Back cover)<\/p>\n<p>Front cover :<br \/>\nWanda Jackson &amp; Elvis Presley, Missouri, 1956<br \/>\nWanda Jackson &amp; Karel Zich, Praha-Hrn\u010d\u00ed\u0159e, 1987<\/p>\n","protected":false},"excerpt":{"rendered":"<p>Media Condition: Near Mint (NM or M-)<\/p>\n<p>Sleeve Condition: Very Good Plus (VG+)<\/p>\n<p>Label: Supraphon<\/p>\n<p>Released: 1988<\/p>\n","protected":false},"featured_media":3152086,"template":"","meta":{"_acf_changed":false},"product_brand":[],"product_cat":[27],"product_tag":[],"class_list":{"0":"post-659268","1":"product","2":"type-product","3":"status-publish","4":"has-post-thumbnail","6":"product_cat-rock","8":"first","9":"instock","10":"taxable","11":"shipping-taxable","12":"purchasable","13":"product-type-simple"},"acf":[],"mb":[],"mfb_rest_fields":["title"],"_links":{"self":[{"href":"https:\/\/digelius.com\/fi\/wp-json\/wp\/v2\/product\/659268","targetHints":{"allow":["GET"]}}],"collection":[{"href":"https:\/\/digelius.com\/fi\/wp-json\/wp\/v2\/product"}],"about":[{"href":"https:\/\/digelius.com\/fi\/wp-json\/wp\/v2\/types\/product"}],"wp:featuredmedia":[{"embeddable":true,"href":"https:\/\/digelius.com\/fi\/wp-json\/wp\/v2\/media\/3152086"}],"wp:attachment":[{"href":"https:\/\/digelius.com\/fi\/wp-json\/wp\/v2\/media?parent=659268"}],"wp:term":[{"taxonomy":"product_brand","embeddable":true,"href":"https:\/\/digelius.com\/fi\/wp-json\/wp\/v2\/product_brand?post=659268"},{"taxonomy":"product_cat","embeddable":true,"href":"https:\/\/digelius.com\/fi\/wp-json\/wp\/v2\/product_cat?post=659268"},{"taxonomy":"product_tag","embeddable":true,"href":"https:\/\/digelius.com\/fi\/wp-json\/wp\/v2\/product_tag?post=659268"}],"curies":[{"name":"wp","href":"https:\/\/api.w.org\/{rel}","templated":true}]}}