{"id":6604,"date":"2023-12-18T12:47:32","date_gmt":"2023-12-18T10:47:32","guid":{"rendered":"https:\/\/digelius.qb.web-veistamo.fi\/product\/various-strombergin-timanttilevy-ei-ruostu\/"},"modified":"2026-02-08T07:02:23","modified_gmt":"2026-02-08T05:02:23","slug":"various-strombergin-timanttilevy-ei-ruostu","status":"publish","type":"product","link":"https:\/\/digelius.com\/fi\/product\/various-strombergin-timanttilevy-ei-ruostu\/","title":{"rendered":"Various: Str\u00f6mbergin Timanttilevy. Ei Ruostu."},"content":{"rendered":"<p>EX record. Pickup possible at our Helsinki store (by selecting the &quot;local pickup&quot; option). <\/p>\n<p>STR\u00d6MBERGIN TIMATTILEVY. EI RUOSTU.<\/p>\n<p>T\u00e4ss\u00e4 sinulle TIMANTTIlevy. Liesimyynnin lahja sinulle.<br \/>\nJokainen kappale on poimittu kotimaisilta timanttilevyilt\u00e4.<br \/>\nSuomalaisilta myyntimenestyksilt\u00e4, kansan syd\u00e4miin tiens\u00e4<br \/>\nl\u00f6yt\u00e4neilt\u00e4. Soita iloksesi. Nauti iki-ihanista ruostumattomista s\u00e4velist\u00e4.<br \/>\nT\u00e4m\u00e4 TIMANTTIlevy syntyi oman ruostumattoman Timanttilevymme kunniaksi.<br \/>\nStr\u00f6mberg-liesi, Suomalaisen Keitti\u00f6n Syd\u00e4n, on nyt entist\u00e4 ehompi.<br \/>\nSe sai ensimm\u00e4isen\u00e4 lieten\u00e4 itselleen ruostumattomat Timanttilevyt.<br \/>\nSe aloitti liesien uuden aikakauden. Sill\u00e4 Timanttilevy ei ruostu.<br \/>\nEi ruostu. Ei ruostu milloinkaan&#8230;<\/p>\n","protected":false},"excerpt":{"rendered":"<p>Media Condition: Very Good Plus (VG+)<\/p>\n<p>Sleeve Condition: Very Good Plus (VG+)<\/p>\n<p>Label: Str\u00f6mberg<\/p>\n<p>Released: 1985<\/p>\n","protected":false},"featured_media":3156610,"template":"","meta":{"_acf_changed":false},"product_brand":[],"product_cat":[28],"product_tag":[],"class_list":{"0":"post-6604","1":"product","2":"type-product","3":"status-publish","4":"has-post-thumbnail","6":"product_cat-pop","8":"first","9":"instock","10":"taxable","11":"shipping-taxable","12":"purchasable","13":"product-type-simple"},"acf":[],"mb":[],"mfb_rest_fields":["title"],"_links":{"self":[{"href":"https:\/\/digelius.com\/fi\/wp-json\/wp\/v2\/product\/6604","targetHints":{"allow":["GET"]}}],"collection":[{"href":"https:\/\/digelius.com\/fi\/wp-json\/wp\/v2\/product"}],"about":[{"href":"https:\/\/digelius.com\/fi\/wp-json\/wp\/v2\/types\/product"}],"wp:featuredmedia":[{"embeddable":true,"href":"https:\/\/digelius.com\/fi\/wp-json\/wp\/v2\/media\/3156610"}],"wp:attachment":[{"href":"https:\/\/digelius.com\/fi\/wp-json\/wp\/v2\/media?parent=6604"}],"wp:term":[{"taxonomy":"product_brand","embeddable":true,"href":"https:\/\/digelius.com\/fi\/wp-json\/wp\/v2\/product_brand?post=6604"},{"taxonomy":"product_cat","embeddable":true,"href":"https:\/\/digelius.com\/fi\/wp-json\/wp\/v2\/product_cat?post=6604"},{"taxonomy":"product_tag","embeddable":true,"href":"https:\/\/digelius.com\/fi\/wp-json\/wp\/v2\/product_tag?post=6604"}],"curies":[{"name":"wp","href":"https:\/\/api.w.org\/{rel}","templated":true}]}}