{"id":694057,"date":"2024-08-13T16:03:25","date_gmt":"2024-08-13T13:03:25","guid":{"rendered":"https:\/\/digelius.com\/product\/jacques-demierre-fabrik-songs-piano-improvisations-sur-weill-et-eisler\/"},"modified":"2026-01-31T22:30:57","modified_gmt":"2026-01-31T20:30:57","slug":"jacques-demierre-fabrik-songs-piano-improvisations-sur-weill-et-eisler","status":"publish","type":"product","link":"https:\/\/digelius.com\/fi\/product\/jacques-demierre-fabrik-songs-piano-improvisations-sur-weill-et-eisler\/","title":{"rendered":"Jacques Demierre: Fabrik-Songs &#8211; Piano Improvisations Sur Weill Et Eisler"},"content":{"rendered":"<\/p>\n<p>Enregistr\u00e9 le 27 f\u00e9vrier 1989 \u00e0 Lausanne (studio RSR-Espace 2).<\/p>\n","protected":false},"excerpt":{"rendered":"<p>Media Condition: Near Mint (NM or M-)<\/p>\n<p>Sleeve Condition: Near Mint (NM or M-)<\/p>\n<p>Label: Plainisphare<\/p>\n<p>Released: 1989<\/p>\n","protected":false},"featured_media":3152024,"template":"","meta":{"_acf_changed":false},"product_brand":[],"product_cat":[16,142],"product_tag":[],"class_list":{"0":"post-694057","1":"product","2":"type-product","3":"status-publish","4":"has-post-thumbnail","6":"product_cat-jazz","7":"product_cat-stage-screen","9":"first","10":"instock","11":"taxable","12":"shipping-taxable","13":"purchasable","14":"product-type-simple"},"acf":[],"mb":[],"mfb_rest_fields":["title"],"_links":{"self":[{"href":"https:\/\/digelius.com\/fi\/wp-json\/wp\/v2\/product\/694057","targetHints":{"allow":["GET"]}}],"collection":[{"href":"https:\/\/digelius.com\/fi\/wp-json\/wp\/v2\/product"}],"about":[{"href":"https:\/\/digelius.com\/fi\/wp-json\/wp\/v2\/types\/product"}],"wp:featuredmedia":[{"embeddable":true,"href":"https:\/\/digelius.com\/fi\/wp-json\/wp\/v2\/media\/3152024"}],"wp:attachment":[{"href":"https:\/\/digelius.com\/fi\/wp-json\/wp\/v2\/media?parent=694057"}],"wp:term":[{"taxonomy":"product_brand","embeddable":true,"href":"https:\/\/digelius.com\/fi\/wp-json\/wp\/v2\/product_brand?post=694057"},{"taxonomy":"product_cat","embeddable":true,"href":"https:\/\/digelius.com\/fi\/wp-json\/wp\/v2\/product_cat?post=694057"},{"taxonomy":"product_tag","embeddable":true,"href":"https:\/\/digelius.com\/fi\/wp-json\/wp\/v2\/product_tag?post=694057"}],"curies":[{"name":"wp","href":"https:\/\/api.w.org\/{rel}","templated":true}]}}