{"id":6961,"date":"2023-12-18T14:42:02","date_gmt":"2023-12-18T12:42:02","guid":{"rendered":"https:\/\/digelius.qb.web-veistamo.fi\/product\/amuri-2-ettei-kukaan-tuntisi-enaa-pimeaa\/"},"modified":"2026-02-08T11:31:40","modified_gmt":"2026-02-08T09:31:40","slug":"amuri-2-ettei-kukaan-tuntisi-enaa-pimeaa","status":"publish","type":"product","link":"https:\/\/digelius.com\/fi\/product\/amuri-2-ettei-kukaan-tuntisi-enaa-pimeaa\/","title":{"rendered":"Amuri (2): Ettei Kukaan Tuntisi En\u00e4\u00e4 Pime\u00e4\u00e4"},"content":{"rendered":"<p>New copy. Pickup possible at our Helsinki store (by selecting the &quot;local pickup&quot; shipping option).<\/p>\n<p>Comes in a 4-panel digisleeve with a 4-page lyric insert.<\/p>\n","protected":false},"excerpt":{"rendered":"<p>Media Condition: Mint (M)<\/p>\n<p>Sleeve Condition: Mint (M)<\/p>\n<p>Label: Helmi Levyt<\/p>\n<p>Released: 2022<\/p>\n","protected":false},"featured_media":3156496,"template":"","meta":{"_acf_changed":false},"product_brand":[],"product_cat":[28,27],"product_tag":[],"class_list":{"0":"post-6961","1":"product","2":"type-product","3":"status-publish","4":"has-post-thumbnail","6":"product_cat-pop","7":"product_cat-rock","9":"first","10":"instock","11":"taxable","12":"shipping-taxable","13":"purchasable","14":"product-type-simple"},"acf":[],"mb":[],"mfb_rest_fields":["title"],"_links":{"self":[{"href":"https:\/\/digelius.com\/fi\/wp-json\/wp\/v2\/product\/6961","targetHints":{"allow":["GET"]}}],"collection":[{"href":"https:\/\/digelius.com\/fi\/wp-json\/wp\/v2\/product"}],"about":[{"href":"https:\/\/digelius.com\/fi\/wp-json\/wp\/v2\/types\/product"}],"wp:featuredmedia":[{"embeddable":true,"href":"https:\/\/digelius.com\/fi\/wp-json\/wp\/v2\/media\/3156496"}],"wp:attachment":[{"href":"https:\/\/digelius.com\/fi\/wp-json\/wp\/v2\/media?parent=6961"}],"wp:term":[{"taxonomy":"product_brand","embeddable":true,"href":"https:\/\/digelius.com\/fi\/wp-json\/wp\/v2\/product_brand?post=6961"},{"taxonomy":"product_cat","embeddable":true,"href":"https:\/\/digelius.com\/fi\/wp-json\/wp\/v2\/product_cat?post=6961"},{"taxonomy":"product_tag","embeddable":true,"href":"https:\/\/digelius.com\/fi\/wp-json\/wp\/v2\/product_tag?post=6961"}],"curies":[{"name":"wp","href":"https:\/\/api.w.org\/{rel}","templated":true}]}}