{"id":710192,"date":"2024-08-23T11:05:49","date_gmt":"2024-08-23T08:05:49","guid":{"rendered":"https:\/\/digelius.com\/product\/dallape-jalleen-soittaa-dallape\/"},"modified":"2025-12-01T19:40:22","modified_gmt":"2025-12-01T17:40:22","slug":"dallape-jalleen-soittaa-dallape","status":"publish","type":"product","link":"https:\/\/digelius.com\/fi\/product\/dallape-jalleen-soittaa-dallape\/","title":{"rendered":"Dallap\u00e9: J\u00e4lleen Soittaa Dallap\u00e9"},"content":{"rendered":"<\/p>\n<p>\u2117\u00a9 2010 Oy EMI Finland Ab \/ Juha Hostikka<br \/>\nMade in EU<br \/>\nPrinted in EU<\/p>\n<p>Original titles<br \/>\n3 When I&#8217;m Cleaning Windows (uncredited)<br \/>\n4 Bei Mir Bist Du Sch\u00f6n (uncredited)<br \/>\n12 L&#8217;Amour Oriental (uncredited)<br \/>\n13 Glendora (uncredited)<\/p>\n","protected":false},"excerpt":{"rendered":"<p>Media Condition: Near Mint (NM or M-)<\/p>\n<p>Sleeve Condition: Near Mint (NM or M-)<\/p>\n<p>Label: Blue Note<\/p>\n<p>Released: 2010<\/p>\n","protected":false},"featured_media":3151890,"template":"","meta":{"_acf_changed":false},"product_brand":[],"product_cat":[28],"product_tag":[],"class_list":{"0":"post-710192","1":"product","2":"type-product","3":"status-publish","4":"has-post-thumbnail","6":"product_cat-pop","8":"first","9":"instock","10":"taxable","11":"shipping-taxable","12":"purchasable","13":"product-type-simple"},"acf":[],"mb":[],"mfb_rest_fields":["title"],"_links":{"self":[{"href":"https:\/\/digelius.com\/fi\/wp-json\/wp\/v2\/product\/710192","targetHints":{"allow":["GET"]}}],"collection":[{"href":"https:\/\/digelius.com\/fi\/wp-json\/wp\/v2\/product"}],"about":[{"href":"https:\/\/digelius.com\/fi\/wp-json\/wp\/v2\/types\/product"}],"wp:featuredmedia":[{"embeddable":true,"href":"https:\/\/digelius.com\/fi\/wp-json\/wp\/v2\/media\/3151890"}],"wp:attachment":[{"href":"https:\/\/digelius.com\/fi\/wp-json\/wp\/v2\/media?parent=710192"}],"wp:term":[{"taxonomy":"product_brand","embeddable":true,"href":"https:\/\/digelius.com\/fi\/wp-json\/wp\/v2\/product_brand?post=710192"},{"taxonomy":"product_cat","embeddable":true,"href":"https:\/\/digelius.com\/fi\/wp-json\/wp\/v2\/product_cat?post=710192"},{"taxonomy":"product_tag","embeddable":true,"href":"https:\/\/digelius.com\/fi\/wp-json\/wp\/v2\/product_tag?post=710192"}],"curies":[{"name":"wp","href":"https:\/\/api.w.org\/{rel}","templated":true}]}}