{"id":710786,"date":"2024-08-23T15:24:00","date_gmt":"2024-08-23T12:24:00","guid":{"rendered":"https:\/\/digelius.com\/product\/apua-orkesteri-maksamme-velkaa\/"},"modified":"2026-01-31T15:31:02","modified_gmt":"2026-01-31T13:31:02","slug":"apua-orkesteri-maksamme-velkaa","status":"publish","type":"product","link":"https:\/\/digelius.com\/fi\/product\/apua-orkesteri-maksamme-velkaa\/","title":{"rendered":"Apua! Orkesteri: Maksamme Velkaa"},"content":{"rendered":"<\/p>\n<p>&#8221;Suositushinta 29,50 (mk). T\u00e4m\u00e4n levyn tuotto menee lyhent\u00e4m\u00e4tt\u00f6m\u00e4n\u00e4 Etiopian kuivuusalueiden h\u00e4d\u00e4nalaisille. Jos haluat auttaa muutenkin kuin ostamalla t\u00e4m\u00e4n levyn, Suomen Punaisen Ristin katastrofirahaston tilinumerot ovat: PSP 22500-5, muut pankit 9200&#8221;<\/p>\n<p>Recorded on April 2-3, 1985<\/p>\n","protected":false},"excerpt":{"rendered":"<p>Media Condition: Near Mint (NM or M-)<\/p>\n<p>Sleeve Condition: Very Good Plus (VG+)<\/p>\n<p>Label: Poko Rekords<\/p>\n<p>Released: 1985<\/p>\n","protected":false},"featured_media":3151852,"template":"","meta":{"_acf_changed":false},"product_brand":[],"product_cat":[28,27],"product_tag":[],"class_list":{"0":"post-710786","1":"product","2":"type-product","3":"status-publish","4":"has-post-thumbnail","6":"product_cat-pop","7":"product_cat-rock","9":"first","10":"instock","11":"taxable","12":"shipping-taxable","13":"purchasable","14":"product-type-simple"},"acf":[],"mb":[],"mfb_rest_fields":["title"],"_links":{"self":[{"href":"https:\/\/digelius.com\/fi\/wp-json\/wp\/v2\/product\/710786","targetHints":{"allow":["GET"]}}],"collection":[{"href":"https:\/\/digelius.com\/fi\/wp-json\/wp\/v2\/product"}],"about":[{"href":"https:\/\/digelius.com\/fi\/wp-json\/wp\/v2\/types\/product"}],"wp:featuredmedia":[{"embeddable":true,"href":"https:\/\/digelius.com\/fi\/wp-json\/wp\/v2\/media\/3151852"}],"wp:attachment":[{"href":"https:\/\/digelius.com\/fi\/wp-json\/wp\/v2\/media?parent=710786"}],"wp:term":[{"taxonomy":"product_brand","embeddable":true,"href":"https:\/\/digelius.com\/fi\/wp-json\/wp\/v2\/product_brand?post=710786"},{"taxonomy":"product_cat","embeddable":true,"href":"https:\/\/digelius.com\/fi\/wp-json\/wp\/v2\/product_cat?post=710786"},{"taxonomy":"product_tag","embeddable":true,"href":"https:\/\/digelius.com\/fi\/wp-json\/wp\/v2\/product_tag?post=710786"}],"curies":[{"name":"wp","href":"https:\/\/api.w.org\/{rel}","templated":true}]}}