{"id":728597,"date":"2024-08-30T16:01:59","date_gmt":"2024-08-30T13:01:59","guid":{"rendered":"https:\/\/digelius.com\/product\/olavi-virta-syysillan-muistoja\/"},"modified":"2026-01-31T14:30:58","modified_gmt":"2026-01-31T12:30:58","slug":"olavi-virta-syysillan-muistoja","status":"publish","type":"product","link":"https:\/\/digelius.com\/fi\/product\/olavi-virta-syysillan-muistoja\/","title":{"rendered":"Olavi Virta: Syysillan Muistoja"},"content":{"rendered":"<p>Some scratches on record<\/p>\n<p>Kaikki t\u00e4m\u00e4n LP-levyn \u00e4\u00e4nitteet ovat Olavi Virran alkuper\u00e4islevyilt\u00e4 koottuja. Niist\u00e4 on kopioitaessa poistettu elektronisesti vanhoille taltioinneilel ominainen rahina. Lis\u00e4tty stereokaiku antaa my\u00f6s avaramman vaikutelman. (eng. All the recordings on this LP are compiled from Olavi Virta&#8217;s original albums. They have been electronically copied with the noise of old recordings removed. The added stereo reverb also gives a more spacious feel.)<\/p>\n<p>\u00c4\u00e4nitteiden siirto (Transfer of sound recordings): Finnvox A-studio, Mikael Nuorivaara<\/p>\n<p>Printed in Oy Lito-Print Ab, Laajalahti, Finland<\/p>\n<p>A6\u00a0from 1942<br \/>\nB7\u00a0from 1946<br \/>\nA7, B6\u00a0from 1945<br \/>\nA5\u00a0from 1947<br \/>\nA1\u00a0to A4,\u00a0B1, B2,\u00a0B5\u00a0from 1948<br \/>\nB3, B4\u00a0from 1949<\/p>\n","protected":false},"excerpt":{"rendered":"<p>Media Condition: Very Good (VG)<\/p>\n<p>Sleeve Condition: Very Good Plus (VG+)<\/p>\n<p>Label: Fonovox<\/p>\n<p>Released: 1975<\/p>\n","protected":false},"featured_media":3151808,"template":"","meta":{"_acf_changed":false},"product_brand":[],"product_cat":[31,28],"product_tag":[],"class_list":{"0":"post-728597","1":"product","2":"type-product","3":"status-publish","4":"has-post-thumbnail","6":"product_cat-folk-world-country","7":"product_cat-pop","9":"first","10":"instock","11":"taxable","12":"shipping-taxable","13":"purchasable","14":"product-type-simple"},"acf":[],"mb":[],"mfb_rest_fields":["title"],"_links":{"self":[{"href":"https:\/\/digelius.com\/fi\/wp-json\/wp\/v2\/product\/728597","targetHints":{"allow":["GET"]}}],"collection":[{"href":"https:\/\/digelius.com\/fi\/wp-json\/wp\/v2\/product"}],"about":[{"href":"https:\/\/digelius.com\/fi\/wp-json\/wp\/v2\/types\/product"}],"wp:featuredmedia":[{"embeddable":true,"href":"https:\/\/digelius.com\/fi\/wp-json\/wp\/v2\/media\/3151808"}],"wp:attachment":[{"href":"https:\/\/digelius.com\/fi\/wp-json\/wp\/v2\/media?parent=728597"}],"wp:term":[{"taxonomy":"product_brand","embeddable":true,"href":"https:\/\/digelius.com\/fi\/wp-json\/wp\/v2\/product_brand?post=728597"},{"taxonomy":"product_cat","embeddable":true,"href":"https:\/\/digelius.com\/fi\/wp-json\/wp\/v2\/product_cat?post=728597"},{"taxonomy":"product_tag","embeddable":true,"href":"https:\/\/digelius.com\/fi\/wp-json\/wp\/v2\/product_tag?post=728597"}],"curies":[{"name":"wp","href":"https:\/\/api.w.org\/{rel}","templated":true}]}}