{"id":728615,"date":"2024-08-30T16:02:47","date_gmt":"2024-08-30T13:02:47","guid":{"rendered":"https:\/\/digelius.com\/product\/szabados-gyorgy-makuz-zenekar-a-szarvassa-valt-fiak\/"},"modified":"2026-01-31T13:31:00","modified_gmt":"2026-01-31T11:31:00","slug":"szabados-gyorgy-makuz-zenekar-a-szarvassa-valt-fiak","status":"publish","type":"product","link":"https:\/\/digelius.com\/fi\/product\/szabados-gyorgy-makuz-zenekar-a-szarvassa-valt-fiak\/","title":{"rendered":"Szabados Gy\u00f6rgy*, MAKUZ-Zenekar*: A Szarvass\u00e1 V\u00e1lt Fiak"},"content":{"rendered":"<p>Insert<\/p>\n<p>Recorded March 1985 at the Studio 22 of Hungarian Radio.<br \/>\nLP comes with 12&#215;12&#8243; insert containing credits &amp; liner notes by Gy\u00f6rgy Szabados and Zolt\u00e1n Bicskei.<\/p>\n<p>Music for a ballet first staged on Aug. 18, 1985 at the Szeged Open Air Festival.<br \/>\nMusic performed in concert at the Budapest Spring Festival, Pet\u0151fi Hall, March 21, 1988.<\/p>\n<p>\u2117 1989 HUNGAROTON<\/p>\n","protected":false},"excerpt":{"rendered":"<p>Media Condition: Near Mint (NM or M-)<\/p>\n<p>Sleeve Condition: Very Good Plus (VG+)<\/p>\n<p>Label: Kr\u00e9m<\/p>\n<p>Released: 1989<\/p>\n","protected":false},"featured_media":3151802,"template":"","meta":{"_acf_changed":false},"product_brand":[],"product_cat":[16],"product_tag":[],"class_list":{"0":"post-728615","1":"product","2":"type-product","3":"status-publish","4":"has-post-thumbnail","6":"product_cat-jazz","8":"first","9":"instock","10":"taxable","11":"shipping-taxable","12":"purchasable","13":"product-type-simple"},"acf":[],"mb":[],"mfb_rest_fields":["title"],"_links":{"self":[{"href":"https:\/\/digelius.com\/fi\/wp-json\/wp\/v2\/product\/728615","targetHints":{"allow":["GET"]}}],"collection":[{"href":"https:\/\/digelius.com\/fi\/wp-json\/wp\/v2\/product"}],"about":[{"href":"https:\/\/digelius.com\/fi\/wp-json\/wp\/v2\/types\/product"}],"wp:featuredmedia":[{"embeddable":true,"href":"https:\/\/digelius.com\/fi\/wp-json\/wp\/v2\/media\/3151802"}],"wp:attachment":[{"href":"https:\/\/digelius.com\/fi\/wp-json\/wp\/v2\/media?parent=728615"}],"wp:term":[{"taxonomy":"product_brand","embeddable":true,"href":"https:\/\/digelius.com\/fi\/wp-json\/wp\/v2\/product_brand?post=728615"},{"taxonomy":"product_cat","embeddable":true,"href":"https:\/\/digelius.com\/fi\/wp-json\/wp\/v2\/product_cat?post=728615"},{"taxonomy":"product_tag","embeddable":true,"href":"https:\/\/digelius.com\/fi\/wp-json\/wp\/v2\/product_tag?post=728615"}],"curies":[{"name":"wp","href":"https:\/\/api.w.org\/{rel}","templated":true}]}}