{"id":728723,"date":"2024-08-30T16:04:54","date_gmt":"2024-08-30T13:04:54","guid":{"rendered":"https:\/\/digelius.com\/product\/babalet-babalet\/"},"modified":"2025-01-16T18:46:25","modified_gmt":"2025-01-16T16:46:25","slug":"babalet-babalet","status":"publish","type":"product","link":"https:\/\/digelius.com\/fi\/product\/babalet-babalet\/","title":{"rendered":"Babalet: Babalet"},"content":{"rendered":"<\/p>\n<p>Zvl\u00e1\u0161tn\u00ed pod\u011bkov\u00e1n\u00ed za pomoc K\u00e1\u010fovi<br \/>\nNahr\u00e1no ve studiu Mida, \u00fanor &#8211; b\u0159ezen 1990 <\/p>\n<p>Made in Czechoslovakia<br \/>\n\u2117 1990<br \/>\nPressed by Gramofonov\u00e9 z\u00e1vody, Lod\u011bnice<\/p>\n","protected":false},"excerpt":{"rendered":"<p>Media Condition: Near Mint (NM or M-)<\/p>\n<p>Sleeve Condition: Very Good Plus (VG+)<\/p>\n<p>Label: Panton<\/p>\n<p>Released: 1990<\/p>\n","protected":false},"featured_media":3151770,"template":"","meta":{"_acf_changed":false},"product_brand":[],"product_cat":[225,27],"product_tag":[],"class_list":{"0":"post-728723","1":"product","2":"type-product","3":"status-publish","4":"has-post-thumbnail","6":"product_cat-reggae","7":"product_cat-rock","9":"first","10":"instock","11":"taxable","12":"shipping-taxable","13":"purchasable","14":"product-type-simple"},"acf":[],"mb":[],"mfb_rest_fields":["title"],"_links":{"self":[{"href":"https:\/\/digelius.com\/fi\/wp-json\/wp\/v2\/product\/728723","targetHints":{"allow":["GET"]}}],"collection":[{"href":"https:\/\/digelius.com\/fi\/wp-json\/wp\/v2\/product"}],"about":[{"href":"https:\/\/digelius.com\/fi\/wp-json\/wp\/v2\/types\/product"}],"wp:featuredmedia":[{"embeddable":true,"href":"https:\/\/digelius.com\/fi\/wp-json\/wp\/v2\/media\/3151770"}],"wp:attachment":[{"href":"https:\/\/digelius.com\/fi\/wp-json\/wp\/v2\/media?parent=728723"}],"wp:term":[{"taxonomy":"product_brand","embeddable":true,"href":"https:\/\/digelius.com\/fi\/wp-json\/wp\/v2\/product_brand?post=728723"},{"taxonomy":"product_cat","embeddable":true,"href":"https:\/\/digelius.com\/fi\/wp-json\/wp\/v2\/product_cat?post=728723"},{"taxonomy":"product_tag","embeddable":true,"href":"https:\/\/digelius.com\/fi\/wp-json\/wp\/v2\/product_tag?post=728723"}],"curies":[{"name":"wp","href":"https:\/\/api.w.org\/{rel}","templated":true}]}}