{"id":743741,"date":"2024-09-05T15:15:39","date_gmt":"2024-09-05T12:15:39","guid":{"rendered":"https:\/\/digelius.com\/product\/szabo-beamter-duo-egy-este-a-duna-barban-one-night-in-duna-bar\/"},"modified":"2026-01-31T12:01:35","modified_gmt":"2026-01-31T10:01:35","slug":"szabo-beamter-duo-egy-este-a-duna-barban-one-night-in-duna-bar","status":"publish","type":"product","link":"https:\/\/digelius.com\/fi\/product\/szabo-beamter-duo-egy-este-a-duna-barban-one-night-in-duna-bar\/","title":{"rendered":"Szab\u00f3 &#8211; Beamter Du\u00f3: Egy Este  A Duna B\u00e1rban = One Night In Duna Bar"},"content":{"rendered":"<\/p>\n<p>A felv\u00e9telek 1958 \u00e9s 1961 k\u00f6z\u00f6tt k\u00e9sz\u00fcltek. The recording was made beetwen 1958-1961.<\/p>\n<p>Total time<br \/>\nSide A: 18:26<br \/>\nSide B: 17:12<\/p>\n<p>\u2117 1982<\/p>\n","protected":false},"excerpt":{"rendered":"<p>Media Condition: Near Mint (NM or M-)<\/p>\n<p>Sleeve Condition: Very Good Plus (VG+)<\/p>\n<p>Label: Kr\u00e9m<\/p>\n<p>Released: 1982<\/p>\n","protected":false},"featured_media":3151690,"template":"","meta":{"_acf_changed":false},"product_brand":[],"product_cat":[16],"product_tag":[],"class_list":{"0":"post-743741","1":"product","2":"type-product","3":"status-publish","4":"has-post-thumbnail","6":"product_cat-jazz","8":"first","9":"instock","10":"taxable","11":"shipping-taxable","12":"purchasable","13":"product-type-simple"},"acf":[],"mb":[],"mfb_rest_fields":["title"],"_links":{"self":[{"href":"https:\/\/digelius.com\/fi\/wp-json\/wp\/v2\/product\/743741","targetHints":{"allow":["GET"]}}],"collection":[{"href":"https:\/\/digelius.com\/fi\/wp-json\/wp\/v2\/product"}],"about":[{"href":"https:\/\/digelius.com\/fi\/wp-json\/wp\/v2\/types\/product"}],"wp:featuredmedia":[{"embeddable":true,"href":"https:\/\/digelius.com\/fi\/wp-json\/wp\/v2\/media\/3151690"}],"wp:attachment":[{"href":"https:\/\/digelius.com\/fi\/wp-json\/wp\/v2\/media?parent=743741"}],"wp:term":[{"taxonomy":"product_brand","embeddable":true,"href":"https:\/\/digelius.com\/fi\/wp-json\/wp\/v2\/product_brand?post=743741"},{"taxonomy":"product_cat","embeddable":true,"href":"https:\/\/digelius.com\/fi\/wp-json\/wp\/v2\/product_cat?post=743741"},{"taxonomy":"product_tag","embeddable":true,"href":"https:\/\/digelius.com\/fi\/wp-json\/wp\/v2\/product_tag?post=743741"}],"curies":[{"name":"wp","href":"https:\/\/api.w.org\/{rel}","templated":true}]}}