{"id":743783,"date":"2024-09-05T15:17:31","date_gmt":"2024-09-05T12:17:31","guid":{"rendered":"https:\/\/digelius.com\/product\/rutos-lietuviu-tautinis-radijo-ansamblis-dainuojame-su-ruta-sing-along-in-lithuanian\/"},"modified":"2026-01-31T10:02:26","modified_gmt":"2026-01-31T08:02:26","slug":"rutos-lietuviu-tautinis-radijo-ansamblis-dainuojame-su-ruta-sing-along-in-lithuanian","status":"publish","type":"product","link":"https:\/\/digelius.com\/fi\/product\/rutos-lietuviu-tautinis-radijo-ansamblis-dainuojame-su-ruta-sing-along-in-lithuanian\/","title":{"rendered":"&#8221;R\u016btos&#8221; Lietuvi\u0173 Tautinis Radijo Ansamblis*: Dainuojame Su R\u016bta. Sing Along In Lithuanian"},"content":{"rendered":"<\/p>\n<p>Lithuanian vocal.<\/p>\n<p>&#8212;&#8212;<br \/>\nIncorrect letters \u0113 are in tracklist. Correct letter: \u0117<\/p>\n","protected":false},"excerpt":{"rendered":"<p>Media Condition: Very Good (VG)<\/p>\n<p>Sleeve Condition: Very Good Plus (VG+)<\/p>\n<p>Label: Request Records (2)<\/p>\n<p>Released: 1962<\/p>\n","protected":false},"featured_media":3151674,"template":"","meta":{"_acf_changed":false},"product_brand":[],"product_cat":[31],"product_tag":[],"class_list":{"0":"post-743783","1":"product","2":"type-product","3":"status-publish","4":"has-post-thumbnail","6":"product_cat-folk-world-country","8":"first","9":"instock","10":"taxable","11":"shipping-taxable","12":"purchasable","13":"product-type-simple"},"acf":[],"mb":[],"mfb_rest_fields":["title"],"_links":{"self":[{"href":"https:\/\/digelius.com\/fi\/wp-json\/wp\/v2\/product\/743783","targetHints":{"allow":["GET"]}}],"collection":[{"href":"https:\/\/digelius.com\/fi\/wp-json\/wp\/v2\/product"}],"about":[{"href":"https:\/\/digelius.com\/fi\/wp-json\/wp\/v2\/types\/product"}],"wp:featuredmedia":[{"embeddable":true,"href":"https:\/\/digelius.com\/fi\/wp-json\/wp\/v2\/media\/3151674"}],"wp:attachment":[{"href":"https:\/\/digelius.com\/fi\/wp-json\/wp\/v2\/media?parent=743783"}],"wp:term":[{"taxonomy":"product_brand","embeddable":true,"href":"https:\/\/digelius.com\/fi\/wp-json\/wp\/v2\/product_brand?post=743783"},{"taxonomy":"product_cat","embeddable":true,"href":"https:\/\/digelius.com\/fi\/wp-json\/wp\/v2\/product_cat?post=743783"},{"taxonomy":"product_tag","embeddable":true,"href":"https:\/\/digelius.com\/fi\/wp-json\/wp\/v2\/product_tag?post=743783"}],"curies":[{"name":"wp","href":"https:\/\/api.w.org\/{rel}","templated":true}]}}