{"id":743789,"date":"2024-09-05T15:17:37","date_gmt":"2024-09-05T12:17:37","guid":{"rendered":"https:\/\/digelius.com\/product\/cseh-tamas-csengey-denes-melyrepules\/"},"modified":"2026-01-31T10:30:54","modified_gmt":"2026-01-31T08:30:54","slug":"cseh-tamas-csengey-denes-melyrepules","status":"publish","type":"product","link":"https:\/\/digelius.com\/fi\/product\/cseh-tamas-csengey-denes-melyrepules\/","title":{"rendered":"Cseh Tam\u00e1s, Csengey D\u00e9nes: M\u00e9lyrep\u00fcl\u00e9s"},"content":{"rendered":"<p>wear on cover<\/p><\/p>\n","protected":false},"excerpt":{"rendered":"<p>Media Condition: Near Mint (NM or M-)<\/p>\n<p>Sleeve Condition: Very Good (VG)<\/p>\n<p>Label: Hungaroton<\/p>\n<p>Released: 1988<\/p>\n","protected":false},"featured_media":3151670,"template":"","meta":{"_acf_changed":false},"product_brand":[],"product_cat":[441,28,27],"product_tag":[],"class_list":{"0":"post-743789","1":"product","2":"type-product","3":"status-publish","4":"has-post-thumbnail","6":"product_cat-non-music","7":"product_cat-pop","8":"product_cat-rock","10":"first","11":"instock","12":"taxable","13":"shipping-taxable","14":"purchasable","15":"product-type-simple"},"acf":[],"mb":[],"mfb_rest_fields":["title"],"_links":{"self":[{"href":"https:\/\/digelius.com\/fi\/wp-json\/wp\/v2\/product\/743789","targetHints":{"allow":["GET"]}}],"collection":[{"href":"https:\/\/digelius.com\/fi\/wp-json\/wp\/v2\/product"}],"about":[{"href":"https:\/\/digelius.com\/fi\/wp-json\/wp\/v2\/types\/product"}],"wp:featuredmedia":[{"embeddable":true,"href":"https:\/\/digelius.com\/fi\/wp-json\/wp\/v2\/media\/3151670"}],"wp:attachment":[{"href":"https:\/\/digelius.com\/fi\/wp-json\/wp\/v2\/media?parent=743789"}],"wp:term":[{"taxonomy":"product_brand","embeddable":true,"href":"https:\/\/digelius.com\/fi\/wp-json\/wp\/v2\/product_brand?post=743789"},{"taxonomy":"product_cat","embeddable":true,"href":"https:\/\/digelius.com\/fi\/wp-json\/wp\/v2\/product_cat?post=743789"},{"taxonomy":"product_tag","embeddable":true,"href":"https:\/\/digelius.com\/fi\/wp-json\/wp\/v2\/product_tag?post=743789"}],"curies":[{"name":"wp","href":"https:\/\/api.w.org\/{rel}","templated":true}]}}