{"id":763013,"date":"2024-09-13T22:05:28","date_gmt":"2024-09-13T19:05:28","guid":{"rendered":"https:\/\/digelius.com\/product\/various-vanhaa-kaupunkia-savelin\/"},"modified":"2026-01-31T07:31:37","modified_gmt":"2026-01-31T05:31:37","slug":"various-vanhaa-kaupunkia-savelin","status":"publish","type":"product","link":"https:\/\/digelius.com\/fi\/product\/various-vanhaa-kaupunkia-savelin\/","title":{"rendered":"Various: Vanhaa Kaupunkia S\u00e4velin"},"content":{"rendered":"<\/p>\n<p>Note on back cover: &#8221;Turun Soitannollinen Kerho perustettiin vuonna 1934 ja on koko olemassaolonsa aikana ollut Turussa musiikinharrastajien sek\u00e4 laulajien yhdistys. T\u00e4ll\u00e4 hetkell\u00e4 yhdistykseen kuuluu noin 300 j\u00e4sent\u00e4. VANHAA KAUPUNKIA S\u00c4VELIN -\u00e4\u00e4nilevy on TSK:n ensimm\u00e4inen ja on aikaansaatu musiikin, \u00e4\u00e4nityksen ja suunnittelun osalta kokonaan omin voimin, joka jo sekin osoittaa j\u00e4senist\u00f6n aktiivisuutta ja rakkautta musiikkiin. Turun Soitannollinen Kerho toivoo t\u00e4m\u00e4n v. 1979 kev\u00e4\u00e4ll\u00e4 tehdyn ensilevyn my\u00f6t\u00e4 kuuntelijalle mieluisia musiikkihetki\u00e4.&#8221;<\/p>\n","protected":false},"excerpt":{"rendered":"<p>Media Condition: Near Mint (NM or M-)<\/p>\n<p>Sleeve Condition: Very Good Plus (VG+)<\/p>\n<p>Label: Turun Soitannollinen Kerho<\/p>\n<p>Released: 1979<\/p>\n","protected":false},"featured_media":3151560,"template":"","meta":{"_acf_changed":false},"product_brand":[],"product_cat":[31,92,96,16],"product_tag":[],"class_list":{"0":"post-763013","1":"product","2":"type-product","3":"status-publish","4":"has-post-thumbnail","6":"product_cat-folk-world-country","7":"product_cat-folk-world-country-fi","8":"product_cat-jazz-fi","9":"product_cat-jazz","11":"first","12":"instock","13":"taxable","14":"shipping-taxable","15":"purchasable","16":"product-type-simple"},"acf":[],"mb":[],"mfb_rest_fields":["title"],"_links":{"self":[{"href":"https:\/\/digelius.com\/fi\/wp-json\/wp\/v2\/product\/763013","targetHints":{"allow":["GET"]}}],"collection":[{"href":"https:\/\/digelius.com\/fi\/wp-json\/wp\/v2\/product"}],"about":[{"href":"https:\/\/digelius.com\/fi\/wp-json\/wp\/v2\/types\/product"}],"wp:featuredmedia":[{"embeddable":true,"href":"https:\/\/digelius.com\/fi\/wp-json\/wp\/v2\/media\/3151560"}],"wp:attachment":[{"href":"https:\/\/digelius.com\/fi\/wp-json\/wp\/v2\/media?parent=763013"}],"wp:term":[{"taxonomy":"product_brand","embeddable":true,"href":"https:\/\/digelius.com\/fi\/wp-json\/wp\/v2\/product_brand?post=763013"},{"taxonomy":"product_cat","embeddable":true,"href":"https:\/\/digelius.com\/fi\/wp-json\/wp\/v2\/product_cat?post=763013"},{"taxonomy":"product_tag","embeddable":true,"href":"https:\/\/digelius.com\/fi\/wp-json\/wp\/v2\/product_tag?post=763013"}],"curies":[{"name":"wp","href":"https:\/\/api.w.org\/{rel}","templated":true}]}}