{"id":8300,"date":"2023-12-18T23:52:16","date_gmt":"2023-12-18T21:52:16","guid":{"rendered":"https:\/\/digelius.qb.web-veistamo.fi\/product\/wojtek-gogolewski-live-niedokonczona-bajka-o-siedmiu-zbojach\/"},"modified":"2026-02-09T09:31:02","modified_gmt":"2026-02-09T07:31:02","slug":"wojtek-gogolewski-live-niedokonczona-bajka-o-siedmiu-zbojach","status":"publish","type":"product","link":"https:\/\/digelius.com\/fi\/product\/wojtek-gogolewski-live-niedokonczona-bajka-o-siedmiu-zbojach\/","title":{"rendered":"Wojtek Gogolewski*: Live &#8211; Niedoko\u0144czona Bajka O Siedmiu Zb\u00f3jach"},"content":{"rendered":"<p>Pickup possible at our Helsinki store (by selecting the &quot;local pickup&quot; option). <\/p>\n<p>Side A duration 21&#8217;02&#8221;<br \/>\nSide B duration 21&#8217;43&#8221;<\/p>\n<p>Nagrania dokonano podczas koncert\u00f3w zorganizowanych przez Polskie Stowarzyszenie Jazzowe OP Szczecin i Wojew\u00f3dzki Dom Kultury w Szczecinie w Zamku Ksi\u0105\u017c\u0105t Pomorskich w dniach 19-20 stycznia 1987 r.<\/p>\n","protected":false},"excerpt":{"rendered":"<p>Media Condition: Near Mint (NM or M-)<\/p>\n<p>Sleeve Condition: Very Good (VG)<\/p>\n<p>Label: PolJazz<\/p>\n<p>Released: 1987<\/p>\n","protected":false},"featured_media":3156116,"template":"","meta":{"_acf_changed":false},"product_brand":[],"product_cat":[16],"product_tag":[],"class_list":{"0":"post-8300","1":"product","2":"type-product","3":"status-publish","4":"has-post-thumbnail","6":"product_cat-jazz","8":"first","9":"instock","10":"taxable","11":"shipping-taxable","12":"purchasable","13":"product-type-simple"},"acf":[],"mb":[],"mfb_rest_fields":["title"],"_links":{"self":[{"href":"https:\/\/digelius.com\/fi\/wp-json\/wp\/v2\/product\/8300","targetHints":{"allow":["GET"]}}],"collection":[{"href":"https:\/\/digelius.com\/fi\/wp-json\/wp\/v2\/product"}],"about":[{"href":"https:\/\/digelius.com\/fi\/wp-json\/wp\/v2\/types\/product"}],"wp:featuredmedia":[{"embeddable":true,"href":"https:\/\/digelius.com\/fi\/wp-json\/wp\/v2\/media\/3156116"}],"wp:attachment":[{"href":"https:\/\/digelius.com\/fi\/wp-json\/wp\/v2\/media?parent=8300"}],"wp:term":[{"taxonomy":"product_brand","embeddable":true,"href":"https:\/\/digelius.com\/fi\/wp-json\/wp\/v2\/product_brand?post=8300"},{"taxonomy":"product_cat","embeddable":true,"href":"https:\/\/digelius.com\/fi\/wp-json\/wp\/v2\/product_cat?post=8300"},{"taxonomy":"product_tag","embeddable":true,"href":"https:\/\/digelius.com\/fi\/wp-json\/wp\/v2\/product_tag?post=8300"}],"curies":[{"name":"wp","href":"https:\/\/api.w.org\/{rel}","templated":true}]}}