{"id":8504,"date":"2023-12-19T01:24:50","date_gmt":"2023-12-18T23:24:50","guid":{"rendered":"https:\/\/digelius.qb.web-veistamo.fi\/product\/sandor-valy-eva-polgar-gilgamesh\/"},"modified":"2026-02-09T14:01:16","modified_gmt":"2026-02-09T12:01:16","slug":"sandor-valy-eva-polgar-gilgamesh","status":"publish","type":"product","link":"https:\/\/digelius.com\/fi\/product\/sandor-valy-eva-polgar-gilgamesh\/","title":{"rendered":"S\u00e1ndor V\u00e1ly &amp; \u00c9va Polg\u00e1r: Gilgamesh"},"content":{"rendered":"<p>New copy. Pickup possible at our Helsinki store (by selecting the &quot;local pickup&quot; option). <\/p><\/p>\n","protected":false},"excerpt":{"rendered":"<p>Media Condition: Mint (M)<\/p>\n<p>Sleeve Condition: Mint (M)<\/p>\n<p>Label: Ektro Records<\/p>\n<p>Released: 2014<\/p>\n","protected":false},"featured_media":3156050,"template":"","meta":{"_acf_changed":false},"product_brand":[],"product_cat":[441,22],"product_tag":[],"class_list":{"0":"post-8504","1":"product","2":"type-product","3":"status-publish","4":"has-post-thumbnail","6":"product_cat-non-music","7":"product_cat-electronic","9":"first","10":"instock","11":"taxable","12":"shipping-taxable","13":"purchasable","14":"product-type-simple"},"acf":[],"mb":[],"mfb_rest_fields":["title"],"_links":{"self":[{"href":"https:\/\/digelius.com\/fi\/wp-json\/wp\/v2\/product\/8504","targetHints":{"allow":["GET"]}}],"collection":[{"href":"https:\/\/digelius.com\/fi\/wp-json\/wp\/v2\/product"}],"about":[{"href":"https:\/\/digelius.com\/fi\/wp-json\/wp\/v2\/types\/product"}],"wp:featuredmedia":[{"embeddable":true,"href":"https:\/\/digelius.com\/fi\/wp-json\/wp\/v2\/media\/3156050"}],"wp:attachment":[{"href":"https:\/\/digelius.com\/fi\/wp-json\/wp\/v2\/media?parent=8504"}],"wp:term":[{"taxonomy":"product_brand","embeddable":true,"href":"https:\/\/digelius.com\/fi\/wp-json\/wp\/v2\/product_brand?post=8504"},{"taxonomy":"product_cat","embeddable":true,"href":"https:\/\/digelius.com\/fi\/wp-json\/wp\/v2\/product_cat?post=8504"},{"taxonomy":"product_tag","embeddable":true,"href":"https:\/\/digelius.com\/fi\/wp-json\/wp\/v2\/product_tag?post=8504"}],"curies":[{"name":"wp","href":"https:\/\/api.w.org\/{rel}","templated":true}]}}