{"id":8507,"date":"2023-12-19T01:24:53","date_gmt":"2023-12-18T23:24:53","guid":{"rendered":"https:\/\/digelius.qb.web-veistamo.fi\/product\/eva-polgar-and-sandor-valy-mondrian-variations\/"},"modified":"2026-02-09T14:01:18","modified_gmt":"2026-02-09T12:01:18","slug":"eva-polgar-and-sandor-valy-mondrian-variations","status":"publish","type":"product","link":"https:\/\/digelius.com\/fi\/product\/eva-polgar-and-sandor-valy-mondrian-variations\/","title":{"rendered":"\u00c9va Polg\u00e1r and S\u00e1ndor V\u00e1ly: Mondrian Variations"},"content":{"rendered":"<p>New copy. Pickup possible at our Helsinki store (by selecting the &quot;local pickup&quot; option). <\/p>\n<p>Recorded at: Works, Denton, Texas, U.S.A. and N.U.D. Helsinki, Finland.<br \/>\nCover design: S\u00e1ndor V\u00e1ly.<\/p>\n","protected":false},"excerpt":{"rendered":"<p>Media Condition: Mint (M)<\/p>\n<p>Sleeve Condition: Mint (M)<\/p>\n<p>Label: Ektro Records<\/p>\n<p>Released: 2012<\/p>\n","protected":false},"featured_media":3156048,"template":"","meta":{"_acf_changed":false},"product_brand":[],"product_cat":[441,22],"product_tag":[],"class_list":{"0":"post-8507","1":"product","2":"type-product","3":"status-publish","4":"has-post-thumbnail","6":"product_cat-non-music","7":"product_cat-electronic","9":"first","10":"instock","11":"taxable","12":"shipping-taxable","13":"purchasable","14":"product-type-simple"},"acf":[],"mb":[],"mfb_rest_fields":["title"],"_links":{"self":[{"href":"https:\/\/digelius.com\/fi\/wp-json\/wp\/v2\/product\/8507","targetHints":{"allow":["GET"]}}],"collection":[{"href":"https:\/\/digelius.com\/fi\/wp-json\/wp\/v2\/product"}],"about":[{"href":"https:\/\/digelius.com\/fi\/wp-json\/wp\/v2\/types\/product"}],"wp:featuredmedia":[{"embeddable":true,"href":"https:\/\/digelius.com\/fi\/wp-json\/wp\/v2\/media\/3156048"}],"wp:attachment":[{"href":"https:\/\/digelius.com\/fi\/wp-json\/wp\/v2\/media?parent=8507"}],"wp:term":[{"taxonomy":"product_brand","embeddable":true,"href":"https:\/\/digelius.com\/fi\/wp-json\/wp\/v2\/product_brand?post=8507"},{"taxonomy":"product_cat","embeddable":true,"href":"https:\/\/digelius.com\/fi\/wp-json\/wp\/v2\/product_cat?post=8507"},{"taxonomy":"product_tag","embeddable":true,"href":"https:\/\/digelius.com\/fi\/wp-json\/wp\/v2\/product_tag?post=8507"}],"curies":[{"name":"wp","href":"https:\/\/api.w.org\/{rel}","templated":true}]}}