{"id":905201,"date":"2024-10-12T18:06:42","date_gmt":"2024-10-12T15:06:42","guid":{"rendered":"https:\/\/digelius.com\/product\/henry-theel-orpopojan-valssi\/"},"modified":"2026-01-30T16:30:58","modified_gmt":"2026-01-30T14:30:58","slug":"henry-theel-orpopojan-valssi","status":"publish","type":"product","link":"https:\/\/digelius.com\/fi\/product\/henry-theel-orpopojan-valssi\/","title":{"rendered":"Henry Theel: Orpopojan Valssi"},"content":{"rendered":"<p>Writing on back cover.<\/p>\n<p>Kaikki t\u00e4m\u00e4n LP-levyn \u00e4\u00e4nitteet ovat Henry Theelin alkuper\u00e4islevyilt\u00e4 koottuja. Niist\u00e4 on kopioitaessa poistettu elektronisesti vanhoille taltioille ominainen rahina. Lis\u00e4tty stereokaiku antaa my\u00f6s avaramman vaikutelman.<\/p>\n","protected":false},"excerpt":{"rendered":"<p>Media Condition: Very Good Plus (VG+)<\/p>\n<p>Sleeve Condition: Very Good Plus (VG+)<\/p>\n<p>Label: Fonovox<\/p>\n<p>Released: 1975<\/p>\n","protected":false},"featured_media":3151388,"template":"","meta":{"_acf_changed":false},"product_brand":[],"product_cat":[28],"product_tag":[],"class_list":{"0":"post-905201","1":"product","2":"type-product","3":"status-publish","4":"has-post-thumbnail","6":"product_cat-pop","8":"first","9":"instock","10":"taxable","11":"shipping-taxable","12":"purchasable","13":"product-type-simple"},"acf":[],"mb":[],"mfb_rest_fields":["title"],"_links":{"self":[{"href":"https:\/\/digelius.com\/fi\/wp-json\/wp\/v2\/product\/905201","targetHints":{"allow":["GET"]}}],"collection":[{"href":"https:\/\/digelius.com\/fi\/wp-json\/wp\/v2\/product"}],"about":[{"href":"https:\/\/digelius.com\/fi\/wp-json\/wp\/v2\/types\/product"}],"wp:featuredmedia":[{"embeddable":true,"href":"https:\/\/digelius.com\/fi\/wp-json\/wp\/v2\/media\/3151388"}],"wp:attachment":[{"href":"https:\/\/digelius.com\/fi\/wp-json\/wp\/v2\/media?parent=905201"}],"wp:term":[{"taxonomy":"product_brand","embeddable":true,"href":"https:\/\/digelius.com\/fi\/wp-json\/wp\/v2\/product_brand?post=905201"},{"taxonomy":"product_cat","embeddable":true,"href":"https:\/\/digelius.com\/fi\/wp-json\/wp\/v2\/product_cat?post=905201"},{"taxonomy":"product_tag","embeddable":true,"href":"https:\/\/digelius.com\/fi\/wp-json\/wp\/v2\/product_tag?post=905201"}],"curies":[{"name":"wp","href":"https:\/\/api.w.org\/{rel}","templated":true}]}}