{"id":905226,"date":"2024-10-12T18:11:44","date_gmt":"2024-10-12T15:11:44","guid":{"rendered":"https:\/\/digelius.com\/product\/tapani-kansa-tapani-kansa\/"},"modified":"2026-01-30T16:30:57","modified_gmt":"2026-01-30T14:30:57","slug":"tapani-kansa-tapani-kansa","status":"publish","type":"product","link":"https:\/\/digelius.com\/fi\/product\/tapani-kansa-tapani-kansa\/","title":{"rendered":"Tapani Kansa: Tapani Kansa"},"content":{"rendered":"<p>Seams taped, writing on back cover.<\/p>\n<p>Different labels: With texts &#8221;KAIKKI OIKEUDET PID\u00c4TET\u00c4\u00c4N&#8221;, &#8221;VALMISTETTU SUOMESSA&#8221;, layout is different, rights society NCB haven&#8217;t dots and matrixes different than [r2840499]<\/p>\n<p>Original songs:<br \/>\nA1: Vi Ska G\u00e5 Hand I Hand<br \/>\nA2: Wer Wird Denn Am Sonntag Weinen<br \/>\nA3: Wenn Die Kraniche Ziehn<br \/>\nA4: The Sea<br \/>\nA6: Nuestro Juramento<br \/>\nA8: Ringo<br \/>\nB2: Although You&#8217;re Gone<br \/>\nB3: Manchester Et Liverpool<br \/>\nB4: Why Can&#8217;t I Cry<br \/>\nB5: Young Girl<br \/>\nB6: Suddenly You Love Me<br \/>\nB7: I&#8217;ve Got My Eyes On You<br \/>\nB8: C&#8217;mon Marianne<\/p>\n<p>Label has TEOSTO and NCB (both boxed) on the both sides.<\/p>\n","protected":false},"excerpt":{"rendered":"<p>Media Condition: Very Good (VG)<\/p>\n<p>Sleeve Condition: Very Good (VG)<\/p>\n<p>Label: Scandia<\/p>\n<p>Released: 1969<\/p>\n","protected":false},"featured_media":3151380,"template":"","meta":{"_acf_changed":false},"product_brand":[],"product_cat":[58,28,27],"product_tag":[],"class_list":{"0":"post-905226","1":"product","2":"type-product","3":"status-publish","4":"has-post-thumbnail","6":"product_cat-funk-soul","7":"product_cat-pop","8":"product_cat-rock","10":"first","11":"instock","12":"taxable","13":"shipping-taxable","14":"purchasable","15":"product-type-simple"},"acf":[],"mb":[],"mfb_rest_fields":["title"],"_links":{"self":[{"href":"https:\/\/digelius.com\/fi\/wp-json\/wp\/v2\/product\/905226","targetHints":{"allow":["GET"]}}],"collection":[{"href":"https:\/\/digelius.com\/fi\/wp-json\/wp\/v2\/product"}],"about":[{"href":"https:\/\/digelius.com\/fi\/wp-json\/wp\/v2\/types\/product"}],"wp:featuredmedia":[{"embeddable":true,"href":"https:\/\/digelius.com\/fi\/wp-json\/wp\/v2\/media\/3151380"}],"wp:attachment":[{"href":"https:\/\/digelius.com\/fi\/wp-json\/wp\/v2\/media?parent=905226"}],"wp:term":[{"taxonomy":"product_brand","embeddable":true,"href":"https:\/\/digelius.com\/fi\/wp-json\/wp\/v2\/product_brand?post=905226"},{"taxonomy":"product_cat","embeddable":true,"href":"https:\/\/digelius.com\/fi\/wp-json\/wp\/v2\/product_cat?post=905226"},{"taxonomy":"product_tag","embeddable":true,"href":"https:\/\/digelius.com\/fi\/wp-json\/wp\/v2\/product_tag?post=905226"}],"curies":[{"name":"wp","href":"https:\/\/api.w.org\/{rel}","templated":true}]}}