{"id":9141,"date":"2023-12-19T06:33:14","date_gmt":"2023-12-19T04:33:14","guid":{"rendered":"https:\/\/digelius.qb.web-veistamo.fi\/product\/mikaeli-kammarkor-olov-olofsson-dagen-skimrar-i-graset-mikaeli-kammarkor-och-en-jazzgrupp\/"},"modified":"2026-02-10T08:01:25","modified_gmt":"2026-02-10T06:01:25","slug":"mikaeli-kammarkor-olov-olofsson-dagen-skimrar-i-graset-mikaeli-kammarkor-och-en-jazzgrupp","status":"publish","type":"product","link":"https:\/\/digelius.com\/fi\/product\/mikaeli-kammarkor-olov-olofsson-dagen-skimrar-i-graset-mikaeli-kammarkor-och-en-jazzgrupp\/","title":{"rendered":"Mikaeli Kammark\u00f6r, Olov Olofsson: Dagen Skimrar I Gr\u00e4set &#8230; Mikaeli Kammark\u00f6r Och En Jazzgrupp"},"content":{"rendered":"<p>Record EX. Pickup possible at our Helsinki store (by selecting the &quot;local pickup&quot; option). <\/p>\n<p>Recorded during October 1975 and January 1976 in V\u00e4sterledskyrkan, Bromma, Sweden. Track A3 recorded in Johannes Kyrka, Stockholm, during an official concert on April 22, 1975, Track B3 recorded in Abrahamsbergskyrkan on November 27th, 1975. <\/p>\n<p>Comes in a gatefold cover.<\/p>\n<p>Total A-side: 18&#8217;10&#8221;<br \/>\nTotal B-side: 20&#8217;35&#8221;<\/p>\n","protected":false},"excerpt":{"rendered":"<p>Media Condition: Very Good Plus (VG+)<\/p>\n<p>Sleeve Condition: Very Good Plus (VG+)<\/p>\n<p>Label: Proprius<\/p>\n<p>Released: 1976<\/p>\n","protected":false},"featured_media":3155794,"template":"","meta":{"_acf_changed":false},"product_brand":[],"product_cat":[441,16],"product_tag":[],"class_list":{"0":"post-9141","1":"product","2":"type-product","3":"status-publish","4":"has-post-thumbnail","6":"product_cat-non-music","7":"product_cat-jazz","9":"first","10":"instock","11":"taxable","12":"shipping-taxable","13":"purchasable","14":"product-type-simple"},"acf":[],"mb":[],"mfb_rest_fields":["title"],"_links":{"self":[{"href":"https:\/\/digelius.com\/fi\/wp-json\/wp\/v2\/product\/9141","targetHints":{"allow":["GET"]}}],"collection":[{"href":"https:\/\/digelius.com\/fi\/wp-json\/wp\/v2\/product"}],"about":[{"href":"https:\/\/digelius.com\/fi\/wp-json\/wp\/v2\/types\/product"}],"wp:featuredmedia":[{"embeddable":true,"href":"https:\/\/digelius.com\/fi\/wp-json\/wp\/v2\/media\/3155794"}],"wp:attachment":[{"href":"https:\/\/digelius.com\/fi\/wp-json\/wp\/v2\/media?parent=9141"}],"wp:term":[{"taxonomy":"product_brand","embeddable":true,"href":"https:\/\/digelius.com\/fi\/wp-json\/wp\/v2\/product_brand?post=9141"},{"taxonomy":"product_cat","embeddable":true,"href":"https:\/\/digelius.com\/fi\/wp-json\/wp\/v2\/product_cat?post=9141"},{"taxonomy":"product_tag","embeddable":true,"href":"https:\/\/digelius.com\/fi\/wp-json\/wp\/v2\/product_tag?post=9141"}],"curies":[{"name":"wp","href":"https:\/\/api.w.org\/{rel}","templated":true}]}}