{"id":9156,"date":"2023-12-19T06:40:30","date_gmt":"2023-12-19T04:40:30","guid":{"rendered":"https:\/\/digelius.qb.web-veistamo.fi\/product\/kulttis-workshop-kulttis-workshop\/"},"modified":"2026-02-10T08:31:38","modified_gmt":"2026-02-10T06:31:38","slug":"kulttis-workshop-kulttis-workshop","status":"publish","type":"product","link":"https:\/\/digelius.com\/fi\/product\/kulttis-workshop-kulttis-workshop\/","title":{"rendered":"Kulttis Workshop: Kulttis Workshop"},"content":{"rendered":"<p>Dead stock copy! Pickup possible at our Helsinki store (by selecting the &quot;local pickup&quot; option). <\/p>\n<p>Recorded At Culture House, Helsinki on March 3rd, 4th and 5th, 1988<br \/>\nSpecial Thanks to Mr. Rauno Myllym\u00e4ki of Kulttuurity\u00f6 ry<br \/>\nProduction: Kulttuurity\u00f6 ry<\/p>\n<p>This project was financially supported by Luovan S\u00e4veltaiteen Edist\u00e4miss\u00e4\u00e4ti\u00f6 and Ministry of Education<\/p>\n","protected":false},"excerpt":{"rendered":"<p>Media Condition: Near Mint (NM or M-)<\/p>\n<p>Sleeve Condition: Near Mint (NM or M-)<\/p>\n<p>Label: Kulttuurity\u00f6 Ry<\/p>\n<p>Released: 1988<\/p>\n","protected":false},"featured_media":3155788,"template":"","meta":{"_acf_changed":false},"product_brand":[],"product_cat":[16],"product_tag":[],"class_list":{"0":"post-9156","1":"product","2":"type-product","3":"status-publish","4":"has-post-thumbnail","6":"product_cat-jazz","8":"first","9":"instock","10":"taxable","11":"shipping-taxable","12":"purchasable","13":"product-type-simple"},"acf":[],"mb":[],"mfb_rest_fields":["title"],"_links":{"self":[{"href":"https:\/\/digelius.com\/fi\/wp-json\/wp\/v2\/product\/9156","targetHints":{"allow":["GET"]}}],"collection":[{"href":"https:\/\/digelius.com\/fi\/wp-json\/wp\/v2\/product"}],"about":[{"href":"https:\/\/digelius.com\/fi\/wp-json\/wp\/v2\/types\/product"}],"wp:featuredmedia":[{"embeddable":true,"href":"https:\/\/digelius.com\/fi\/wp-json\/wp\/v2\/media\/3155788"}],"wp:attachment":[{"href":"https:\/\/digelius.com\/fi\/wp-json\/wp\/v2\/media?parent=9156"}],"wp:term":[{"taxonomy":"product_brand","embeddable":true,"href":"https:\/\/digelius.com\/fi\/wp-json\/wp\/v2\/product_brand?post=9156"},{"taxonomy":"product_cat","embeddable":true,"href":"https:\/\/digelius.com\/fi\/wp-json\/wp\/v2\/product_cat?post=9156"},{"taxonomy":"product_tag","embeddable":true,"href":"https:\/\/digelius.com\/fi\/wp-json\/wp\/v2\/product_tag?post=9156"}],"curies":[{"name":"wp","href":"https:\/\/api.w.org\/{rel}","templated":true}]}}