{"id":9179,"date":"2023-12-19T06:52:05","date_gmt":"2023-12-19T04:52:05","guid":{"rendered":"https:\/\/digelius.qb.web-veistamo.fi\/product\/ake-stan-hasselgard-memories-of-ake-stan-hasselgard\/"},"modified":"2026-02-10T08:31:42","modified_gmt":"2026-02-10T06:31:42","slug":"ake-stan-hasselgard-memories-of-ake-stan-hasselgard","status":"publish","type":"product","link":"https:\/\/digelius.com\/fi\/product\/ake-stan-hasselgard-memories-of-ake-stan-hasselgard\/","title":{"rendered":"\u00c5ke &#8221;Stan&#8221; Hasselg\u00e5rd*: Memories Of \u00c5ke &#8221;Stan&#8221; Hasselg\u00e5rd"},"content":{"rendered":"<p>Only second C-D record! Generic sleeve. Pickup possible at our Helsinki store (by selecting the &quot;local pickup&quot; option). <\/p>\n<p>The band&#8217;s original billing is as the<br \/>\nBob Laine &#8212; G\u00f6sta T\u00f6rner Sextet<\/p>\n<p>Recorded at Kungliga Musikaliska Akademien (Royal Academy of Music), Stockholm.<\/p>\n<p>This is a double-EP reissue of tracks from five Cupol 78rpm-10&#8243; records released 1947-48:<br \/>\nCupol 4011 &#8211; [r10178491]: C2 + D1 [Rec. May 3, 1947]<br \/>\nCupol 4012 (Side A) &#8211; [r9461024]: A1 [Rec. May 3, 1947]<br \/>\nCupol 4017 &#8211; [r9370647]: D2 + A2 [Rec. June 11, 1947]<br \/>\nCupol 4018 &#8211; [r9495621]: B1 + C1 [Rec. June 11 (B1), June 12 (C1), 1947]<br \/>\nCupol 4020 (Side B) &#8211; [r12032437]: B2 [Rec. June 12, 1947]<\/p>\n<p>Guitarist [a1034442] is listed in the liner notes, but does not participate in these recording sessions.<\/p>\n<p>Track B2 is rendered as &#8221;Some Day, Sweetheart&#8221;.<\/p>\n<p>Track D2: &#8221;Baa Baa Little Black Cheep [sic!]&#8221; is described as being composed by Bob Laine and G\u00f6sta T\u00f6rner. The correct credits are that this is a well known Swedish children song &#8221;B\u00e4, B\u00e4, Vita Lamm&#8221; with text and melody by Alice Tegn\u00e9r. Her text is actually a translation of an English nursery rhyme, &#8221;Baa, Baa, Black Sheep&#8221;, going back at least to the 18th century.<\/p>\n<p>All discographical information is taken from the updated &#8221;Svensk jazzdiskografi 1899-1999&#8221;, available here:<br \/>\nhttp:\/\/old.visarkiv.se\/jazzdisk_se.htm<\/p>\n","protected":false},"excerpt":{"rendered":"<p>Media Condition: Very Good (VG)<\/p>\n<p>Sleeve Condition: Generic<\/p>\n<p>Label: Cupol,Cupol<\/p>\n<p>Released: 1955<\/p>\n","protected":false},"featured_media":3155782,"template":"","meta":{"_acf_changed":false},"product_brand":[],"product_cat":[16,96],"product_tag":[],"class_list":{"0":"post-9179","1":"product","2":"type-product","3":"status-publish","4":"has-post-thumbnail","6":"product_cat-jazz","7":"product_cat-jazz-fi","9":"first","10":"instock","11":"taxable","12":"shipping-taxable","13":"purchasable","14":"product-type-simple"},"acf":[],"mb":[],"mfb_rest_fields":["title"],"_links":{"self":[{"href":"https:\/\/digelius.com\/fi\/wp-json\/wp\/v2\/product\/9179","targetHints":{"allow":["GET"]}}],"collection":[{"href":"https:\/\/digelius.com\/fi\/wp-json\/wp\/v2\/product"}],"about":[{"href":"https:\/\/digelius.com\/fi\/wp-json\/wp\/v2\/types\/product"}],"wp:featuredmedia":[{"embeddable":true,"href":"https:\/\/digelius.com\/fi\/wp-json\/wp\/v2\/media\/3155782"}],"wp:attachment":[{"href":"https:\/\/digelius.com\/fi\/wp-json\/wp\/v2\/media?parent=9179"}],"wp:term":[{"taxonomy":"product_brand","embeddable":true,"href":"https:\/\/digelius.com\/fi\/wp-json\/wp\/v2\/product_brand?post=9179"},{"taxonomy":"product_cat","embeddable":true,"href":"https:\/\/digelius.com\/fi\/wp-json\/wp\/v2\/product_cat?post=9179"},{"taxonomy":"product_tag","embeddable":true,"href":"https:\/\/digelius.com\/fi\/wp-json\/wp\/v2\/product_tag?post=9179"}],"curies":[{"name":"wp","href":"https:\/\/api.w.org\/{rel}","templated":true}]}}