{"id":9286,"date":"2023-12-19T07:36:56","date_gmt":"2023-12-19T05:36:56","guid":{"rendered":"https:\/\/digelius.qb.web-veistamo.fi\/product\/bergendy-jazz\/"},"modified":"2026-02-10T11:31:37","modified_gmt":"2026-02-10T09:31:37","slug":"bergendy-jazz","status":"publish","type":"product","link":"https:\/\/digelius.com\/fi\/product\/bergendy-jazz\/","title":{"rendered":"Bergendy: Jazz"},"content":{"rendered":"<p>Pickup possible at our Helsinki store (by selecting the &quot;local pickup&quot; option). <\/p>\n<p>Label variant: track titles, band name and note appear in Hungarian. Otherwise identical to [r1343005].<\/p>\n<p>A Magyar R\u00e1di\u00f3 felv\u00e9tele \/ Recorded by the Hungarian Radio<br \/>\nMade in Hungary \u2117 1976<\/p>\n<p>Total time:<br \/>\nA Side &#8211; 18&#8217;45&#8221;<br \/>\nB Side &#8211; 18&#8217;16&#8221;<\/p>\n<p>Spine: &#8221;SLPX 17514 BERGENDY JAZZ PEPITA SLPX 17514&#8221;<\/p>\n","protected":false},"excerpt":{"rendered":"<p>Media Condition: Near Mint (NM or M-)<\/p>\n<p>Sleeve Condition: Very Good Plus (VG+)<\/p>\n<p>Label: Pepita<\/p>\n<p>Released: 1976<\/p>\n","protected":false},"featured_media":3155734,"template":"","meta":{"_acf_changed":false},"product_brand":[],"product_cat":[16,27],"product_tag":[],"class_list":{"0":"post-9286","1":"product","2":"type-product","3":"status-publish","4":"has-post-thumbnail","6":"product_cat-jazz","7":"product_cat-rock","9":"first","10":"instock","11":"taxable","12":"shipping-taxable","13":"purchasable","14":"product-type-simple"},"acf":[],"mb":[],"mfb_rest_fields":["title"],"_links":{"self":[{"href":"https:\/\/digelius.com\/fi\/wp-json\/wp\/v2\/product\/9286","targetHints":{"allow":["GET"]}}],"collection":[{"href":"https:\/\/digelius.com\/fi\/wp-json\/wp\/v2\/product"}],"about":[{"href":"https:\/\/digelius.com\/fi\/wp-json\/wp\/v2\/types\/product"}],"wp:featuredmedia":[{"embeddable":true,"href":"https:\/\/digelius.com\/fi\/wp-json\/wp\/v2\/media\/3155734"}],"wp:attachment":[{"href":"https:\/\/digelius.com\/fi\/wp-json\/wp\/v2\/media?parent=9286"}],"wp:term":[{"taxonomy":"product_brand","embeddable":true,"href":"https:\/\/digelius.com\/fi\/wp-json\/wp\/v2\/product_brand?post=9286"},{"taxonomy":"product_cat","embeddable":true,"href":"https:\/\/digelius.com\/fi\/wp-json\/wp\/v2\/product_cat?post=9286"},{"taxonomy":"product_tag","embeddable":true,"href":"https:\/\/digelius.com\/fi\/wp-json\/wp\/v2\/product_tag?post=9286"}],"curies":[{"name":"wp","href":"https:\/\/api.w.org\/{rel}","templated":true}]}}