{"id":9316,"date":"2023-12-19T07:47:01","date_gmt":"2023-12-19T05:47:01","guid":{"rendered":"https:\/\/digelius.qb.web-veistamo.fi\/product\/okko-alder-ego-2-timo-lassy-teppo-makynen-antti-lotjonen-quintet-east-aleksi-heinola-quintet-oaagaada-ateneum-2019-lonna-2019\/"},"modified":"2026-02-10T11:31:45","modified_gmt":"2026-02-10T09:31:45","slug":"okko-alder-ego-2-timo-lassy-teppo-makynen-antti-lotjonen-quintet-east-aleksi-heinola-quintet-oaagaada-ateneum-2019-lonna-2019","status":"publish","type":"product","link":"https:\/\/digelius.com\/fi\/product\/okko-alder-ego-2-timo-lassy-teppo-makynen-antti-lotjonen-quintet-east-aleksi-heinola-quintet-oaagaada-ateneum-2019-lonna-2019\/","title":{"rendered":"OK:KO, Alder Ego (2), Timo Lassy &amp; Teppo M\u00e4kynen, Antti L\u00f6tj\u00f6nen Quintet East, Aleksi Heinola Quintet, Oaagaada: Ateneum 2019 + Lonna 2019"},"content":{"rendered":"<p>New copy straight from the label. Pickup possible at our Helsinki store (by selecting the &quot;local pickup&quot; option).<\/p>\n<p>&#8221;Ateneum 2019&#8221; + &#8221;Lonna 2019&#8221; (We Jazz live Plates Vol. 2 + 3) 2 x LP bundle. Complete LP issues bound together with a re-sealable &#8221;Japanese-style&#8221; plastic sleeve.  <\/p>\n<p>&#8221;Ateneum 2019&#8221; recorded live at Ateneum Art Museum, Helsinki, spring 2019 at Ateneum-klubi X We Jazz events. &#8221;Lonna 2019&#8221; recorded live at the island of Lonna, Helsinki, summer 2019 at We Jazz X Lonna events. <\/p>\n","protected":false},"excerpt":{"rendered":"<p>Media Condition: Mint (M)<\/p>\n<p>Sleeve Condition: Mint (M)<\/p>\n<p>Label: We Jazz<\/p>\n<p>Released: 2020<\/p>\n","protected":false},"featured_media":3155724,"template":"","meta":{"_acf_changed":false},"product_brand":[],"product_cat":[16],"product_tag":[],"class_list":{"0":"post-9316","1":"product","2":"type-product","3":"status-publish","4":"has-post-thumbnail","6":"product_cat-jazz","8":"first","9":"instock","10":"taxable","11":"shipping-taxable","12":"purchasable","13":"product-type-simple"},"acf":[],"mb":[],"mfb_rest_fields":["title"],"_links":{"self":[{"href":"https:\/\/digelius.com\/fi\/wp-json\/wp\/v2\/product\/9316","targetHints":{"allow":["GET"]}}],"collection":[{"href":"https:\/\/digelius.com\/fi\/wp-json\/wp\/v2\/product"}],"about":[{"href":"https:\/\/digelius.com\/fi\/wp-json\/wp\/v2\/types\/product"}],"wp:featuredmedia":[{"embeddable":true,"href":"https:\/\/digelius.com\/fi\/wp-json\/wp\/v2\/media\/3155724"}],"wp:attachment":[{"href":"https:\/\/digelius.com\/fi\/wp-json\/wp\/v2\/media?parent=9316"}],"wp:term":[{"taxonomy":"product_brand","embeddable":true,"href":"https:\/\/digelius.com\/fi\/wp-json\/wp\/v2\/product_brand?post=9316"},{"taxonomy":"product_cat","embeddable":true,"href":"https:\/\/digelius.com\/fi\/wp-json\/wp\/v2\/product_cat?post=9316"},{"taxonomy":"product_tag","embeddable":true,"href":"https:\/\/digelius.com\/fi\/wp-json\/wp\/v2\/product_tag?post=9316"}],"curies":[{"name":"wp","href":"https:\/\/api.w.org\/{rel}","templated":true}]}}