{"id":9346,"date":"2023-12-19T07:56:59","date_gmt":"2023-12-19T05:56:59","guid":{"rendered":"https:\/\/digelius.qb.web-veistamo.fi\/product\/vieux-carre-med-britt-inger-bergstrom-vieux-carre-med-britt-inger-bergstrom\/"},"modified":"2026-02-10T12:31:34","modified_gmt":"2026-02-10T10:31:34","slug":"vieux-carre-med-britt-inger-bergstrom-vieux-carre-med-britt-inger-bergstrom","status":"publish","type":"product","link":"https:\/\/digelius.com\/fi\/product\/vieux-carre-med-britt-inger-bergstrom-vieux-carre-med-britt-inger-bergstrom\/","title":{"rendered":"Vieux Carr\u00e9 Med Britt-Inger Bergstr\u00f6m: Vieux Carr\u00e9 Med Britt-Inger Bergstr\u00f6m"},"content":{"rendered":"<p>EX record. Pickup possible at our Helsinki store (by selecting the &quot;local pickup&quot; option). <\/p><\/p>\n","protected":false},"excerpt":{"rendered":"<p>Media Condition: Very Good Plus (VG+)<\/p>\n<p>Sleeve Condition: Very Good Plus (VG+)<\/p>\n<p>Label: Playback<\/p>\n<p>Released: 1973<\/p>\n","protected":false},"featured_media":3155708,"template":"","meta":{"_acf_changed":false},"product_brand":[],"product_cat":[16],"product_tag":[],"class_list":{"0":"post-9346","1":"product","2":"type-product","3":"status-publish","4":"has-post-thumbnail","6":"product_cat-jazz","8":"first","9":"instock","10":"taxable","11":"shipping-taxable","12":"purchasable","13":"product-type-simple"},"acf":[],"mb":[],"mfb_rest_fields":["title"],"_links":{"self":[{"href":"https:\/\/digelius.com\/fi\/wp-json\/wp\/v2\/product\/9346","targetHints":{"allow":["GET"]}}],"collection":[{"href":"https:\/\/digelius.com\/fi\/wp-json\/wp\/v2\/product"}],"about":[{"href":"https:\/\/digelius.com\/fi\/wp-json\/wp\/v2\/types\/product"}],"wp:featuredmedia":[{"embeddable":true,"href":"https:\/\/digelius.com\/fi\/wp-json\/wp\/v2\/media\/3155708"}],"wp:attachment":[{"href":"https:\/\/digelius.com\/fi\/wp-json\/wp\/v2\/media?parent=9346"}],"wp:term":[{"taxonomy":"product_brand","embeddable":true,"href":"https:\/\/digelius.com\/fi\/wp-json\/wp\/v2\/product_brand?post=9346"},{"taxonomy":"product_cat","embeddable":true,"href":"https:\/\/digelius.com\/fi\/wp-json\/wp\/v2\/product_cat?post=9346"},{"taxonomy":"product_tag","embeddable":true,"href":"https:\/\/digelius.com\/fi\/wp-json\/wp\/v2\/product_tag?post=9346"}],"curies":[{"name":"wp","href":"https:\/\/api.w.org\/{rel}","templated":true}]}}