{"id":9962,"date":"2023-12-19T11:52:12","date_gmt":"2023-12-19T09:52:12","guid":{"rendered":"https:\/\/digelius.qb.web-veistamo.fi\/product\/dian-the-greenbriar-boys-folklore-de-louest-americain\/"},"modified":"2026-02-10T23:31:42","modified_gmt":"2026-02-10T21:31:42","slug":"dian-the-greenbriar-boys-folklore-de-louest-americain","status":"publish","type":"product","link":"https:\/\/digelius.com\/fi\/product\/dian-the-greenbriar-boys-folklore-de-louest-americain\/","title":{"rendered":"Di\u00e1n* &amp; The Greenbriar Boys: Folklore De L&#8217;ouest Am\u00e9ricain"},"content":{"rendered":"<p>EX sleeve. Pickup possible at our Helsinki store (by selecting the &quot;local pickup&quot; option).<\/p>\n<p>The Greenbriar Boys \/ courtesy of Vanguard Records.<br \/>\nCe disque est un enregistrement Elektra Records reprise Haute Fid\u00e9lit\u00e9, le mat\u00e9riel galvanoplastique et le pressage ont \u00e9t\u00e9 r\u00e9alis\u00e9s par la Manufacture de Productions Phonographiques VOGUE <\/p>\n","protected":false},"excerpt":{"rendered":"<p>Media Condition: Very Good Plus (VG+)<\/p>\n<p>Sleeve Condition: Very Good Plus (VG+)<\/p>\n<p>Label: Mode Disques,Elektra Records,Disques Vogue<\/p>\n<p>Released: 1964<\/p>\n","protected":false},"featured_media":3155482,"template":"","meta":{"_acf_changed":false},"product_brand":[],"product_cat":[92,31],"product_tag":[],"class_list":{"0":"post-9962","1":"product","2":"type-product","3":"status-publish","4":"has-post-thumbnail","6":"product_cat-folk-world-country-fi","7":"product_cat-folk-world-country","9":"first","10":"instock","11":"taxable","12":"shipping-taxable","13":"purchasable","14":"product-type-simple"},"acf":[],"mb":[],"mfb_rest_fields":["title"],"_links":{"self":[{"href":"https:\/\/digelius.com\/fi\/wp-json\/wp\/v2\/product\/9962","targetHints":{"allow":["GET"]}}],"collection":[{"href":"https:\/\/digelius.com\/fi\/wp-json\/wp\/v2\/product"}],"about":[{"href":"https:\/\/digelius.com\/fi\/wp-json\/wp\/v2\/types\/product"}],"wp:featuredmedia":[{"embeddable":true,"href":"https:\/\/digelius.com\/fi\/wp-json\/wp\/v2\/media\/3155482"}],"wp:attachment":[{"href":"https:\/\/digelius.com\/fi\/wp-json\/wp\/v2\/media?parent=9962"}],"wp:term":[{"taxonomy":"product_brand","embeddable":true,"href":"https:\/\/digelius.com\/fi\/wp-json\/wp\/v2\/product_brand?post=9962"},{"taxonomy":"product_cat","embeddable":true,"href":"https:\/\/digelius.com\/fi\/wp-json\/wp\/v2\/product_cat?post=9962"},{"taxonomy":"product_tag","embeddable":true,"href":"https:\/\/digelius.com\/fi\/wp-json\/wp\/v2\/product_tag?post=9962"}],"curies":[{"name":"wp","href":"https:\/\/api.w.org\/{rel}","templated":true}]}}